{"id":281,"date":"2023-11-21T17:55:05","date_gmt":"2023-11-21T20:55:05","guid":{"rendered":"https:\/\/ce.pm.pb.gov.br\/revista\/?page_id=281"},"modified":"2023-11-21T18:43:08","modified_gmt":"2023-11-21T21:43:08","slug":"como-adicionar-seu-conteudo","status":"publish","type":"page","link":"https:\/\/ce.pm.pb.gov.br\/revista\/?page_id=281","title":{"rendered":"Diretrizes para autores"},"content":{"rendered":"\n<p><strong>a)<\/strong> A Seguran\u00e7a P\u00fablica em Revista \u00e9 um peri\u00f3dico semestral, para o qual poder\u00e3o ser enviados para avalia\u00e7\u00e3o: artigos, ensaios, resenhas, relatos de experi\u00eancia, bem como, poder\u00e3o ser publicadas entrevistas ou tradu\u00e7\u00f5es de textos em outras l\u00ednguas com a devida autoriza\u00e7\u00e3o por escrito e assinada pelos autores da l\u00edngua original dos trabalhos;<\/p>\n\n\n\n<p><strong>b)<\/strong> Os artigos dever\u00e3o ser in\u00e9ditos, cabendo aos autores a total responsabilidade pela feitura dos textos, o que implicar\u00e1 na assinatura eletr\u00f4nica por parte dos autores de um Termo de Concess\u00e3o de Autoria, para que exista uma pol\u00edtica de responsabilidade por parte da Equipe Editorial;<\/p>\n\n\n\n<p><strong>c)<\/strong> Os artigos dever\u00e3o conter no m\u00ednimo 12 e no m\u00e1ximo 30 p\u00e1ginas contemplando todas as partes do texto. O texto dever\u00e1 obedecer a seguinte sequ\u00eancia: t\u00edtulo centralizado em caixa alta e negrito e subt\u00edtulo em caixa baixa; resumo em no m\u00e1ximo 250 palavras seguido de 3 a 5 palavras-chave; o corpo do texto dever\u00e1 ser dividido obrigatoriamente em introdu\u00e7\u00e3o, desenvolvimento e considera\u00e7\u00f5es finais; por fim, o artigo dever\u00e1 conter as refer\u00eancias bibliogr\u00e1ficas; elementos n\u00e3o textuais como gr\u00e1ficos, tabelas, quadros e figuras dever\u00e3o obedecer a sequ\u00eancia normal de como aparecem no artigo; as margens dever\u00e3o obedecer aos crit\u00e9rios de 3 cm acima e \u00e0 esquerda da p\u00e1gina e, 2 cm abaixo e \u00e0 direita da p\u00e1gina; o texto dever\u00e1 ser escrito em fonte <em>times new roman<\/em>, tamanho 12, justificado, com espa\u00e7amento de 1,5 cm; as express\u00f5es estrangeiras dever\u00e3o aparecer em it\u00e1lico; as cita\u00e7\u00f5es externas dever\u00e3o obedecer o recuo de 4 cm \u00e0 direita com fonte em tamanho 10; as notas de rodap\u00e9 dever\u00e3o ser escritas em fonte tamanho 10, justificadas.<\/p>\n\n\n\n<p><strong>d)<\/strong> Os ensaios poder\u00e3o ser escritos respeitando as mesmas regras e normas t\u00e9cnicas para os artigos.<\/p>\n\n\n\n<p><strong>e)<\/strong> As resenhas poder\u00e3o ser feitas sobre obras que descrevam problemas de pesquisa no campo da Seguran\u00e7a P\u00fablica de maneira geral. Elas respeitar\u00e3o os mesmos crit\u00e9rios utilizados para os artigos, a n\u00e3o ser pela quantidade de p\u00e1ginas que dever\u00e3o ser no m\u00ednimo 3 e, no m\u00e1ximo, 5;<\/p>\n\n\n\n<p><strong>f)<\/strong> Os relatos de experi\u00eancia dizem respeito ao engajamento s\u00f3cio-pol\u00edtico de policiais, pesquisadores, militantes, estudantes, docentes, participantes de organiza\u00e7\u00f5es n\u00e3o-governamentais, bem como, poder\u00e3o dizer respeito a experi\u00eancias realizadas pela institui\u00e7\u00e3o no campo das pol\u00edticas de Seguran\u00e7a P\u00fablica e a projetos desenvolvidos por policiais militares, desde que devidamente comprovada a exist\u00eancia deles. Para tanto, os relatos poder\u00e3o ser descritos em no m\u00ednimo 12 e no m\u00e1ximo 30 p\u00e1ginas respeitando as regras comuns aos artigos, ensaios e resenhas acerca das normas t\u00e9cnicas;<\/p>\n\n\n\n<p><strong>g)<\/strong> As entrevistas, poder\u00e3o ter no m\u00ednimo 5 e, no m\u00e1ximo 8 p\u00e1ginas, contanto que descrevam, a partir do relato de pessoas que escrevem sobre, ou trabalham com Seguran\u00e7a P\u00fablica, reflex\u00f5es pertinentes que possam contribuir com o enriquecimento do campo, trazendo perspectivas de an\u00e1lise que n\u00e3o direcionem para posicionamentos pol\u00edtico-partid\u00e1rios ou opini\u00f5es enviesadas por argumenta\u00e7\u00f5es que n\u00e3o acrescentem nada ao debate a que se prop\u00f5e a revista;<\/p>\n\n\n\n<p><strong>h)<\/strong> A publica\u00e7\u00e3o dos artigos, bem como, de outros trabalhos recebidos est\u00e1 condicionada \u00e0 aprova\u00e7\u00e3o dos pareceristas&nbsp;<em>ad hoc<\/em>, ou ao cumprimento das sugest\u00f5es por eles apontadas. Os nomes dos pareceristas permanecer\u00e3o em sigilo no processo de avalia\u00e7\u00e3o, assim como os nomes dos autores, que receber\u00e3o os pareceres com as avalia\u00e7\u00f5es, sugest\u00f5es, ou recusa. Os autores ser\u00e3o informados da decis\u00e3o final sobre os textos aceitos, ou recusados para publica\u00e7\u00e3o;<\/p>\n\n\n\n<p><strong>i)<\/strong> Para garantir o sigilo da identidade dos autores os textos n\u00e3o conter\u00e3o, no processo de an\u00e1lise pelos pareceristas,&nbsp;seus nomes, institui\u00e7\u00e3o de afilia\u00e7\u00e3o ou qualquer outra informa\u00e7\u00e3o que possa identific\u00e1-los.<\/p>\n\n\n\n<p><strong>j) <\/strong>Os textos devem ser enviados atrav\u00e9s do site da revista para o e-mail: <a href=\"mailto:cepepmpb@yahoo.com.br\">cepepmpb@yahoo.com.br<\/a>.<\/p>\n","protected":false},"excerpt":{"rendered":"<p>a) A Seguran\u00e7a P\u00fablica em Revista \u00e9 um peri\u00f3dico semestral, para o qual poder\u00e3o ser enviados para avalia\u00e7\u00e3o: artigos, ensaios, resenhas, relatos de experi\u00eancia, bem como, poder\u00e3o ser publicadas entrevistas ou tradu\u00e7\u00f5es de textos em outras l\u00ednguas com a devida autoriza\u00e7\u00e3o por escrito e assinada pelos autores da l\u00edngua original dos trabalhos; b) Os artigos &hellip; <a href=\"https:\/\/ce.pm.pb.gov.br\/revista\/?page_id=281\" class=\"more-link\">Continue lendo<span class=\"screen-reader-text\"> &#8220;Diretrizes para autores&#8221;<\/span><\/a><\/p>\n","protected":false},"author":1,"featured_media":0,"parent":0,"menu_order":0,"comment_status":"closed","ping_status":"closed","template":"","meta":{"_eb_attr":"","footnotes":""},"class_list":["post-281","page","type-page","status-publish","hentry"],"_links":{"self":[{"href":"https:\/\/ce.pm.pb.gov.br\/revista\/index.php?rest_route=\/wp\/v2\/pages\/281","targetHints":{"allow":["GET"]}}],"collection":[{"href":"https:\/\/ce.pm.pb.gov.br\/revista\/index.php?rest_route=\/wp\/v2\/pages"}],"about":[{"href":"https:\/\/ce.pm.pb.gov.br\/revista\/index.php?rest_route=\/wp\/v2\/types\/page"}],"author":[{"embeddable":true,"href":"https:\/\/ce.pm.pb.gov.br\/revista\/index.php?rest_route=\/wp\/v2\/users\/1"}],"replies":[{"embeddable":true,"href":"https:\/\/ce.pm.pb.gov.br\/revista\/index.php?rest_route=%2Fwp%2Fv2%2Fcomments&post=281"}],"version-history":[{"count":3,"href":"https:\/\/ce.pm.pb.gov.br\/revista\/index.php?rest_route=\/wp\/v2\/pages\/281\/revisions"}],"predecessor-version":[{"id":307,"href":"https:\/\/ce.pm.pb.gov.br\/revista\/index.php?rest_route=\/wp\/v2\/pages\/281\/revisions\/307"}],"wp:attachment":[{"href":"https:\/\/ce.pm.pb.gov.br\/revista\/index.php?rest_route=%2Fwp%2Fv2%2Fmedia&parent=281"}],"curies":[{"name":"wp","href":"https:\/\/api.w.org\/{rel}","templated":true}]}}