{"id":12,"date":"2023-10-01T03:29:17","date_gmt":"2023-10-01T06:29:17","guid":{"rendered":"https:\/\/ce.pm.pb.gov.br\/revista\/?page_id=12"},"modified":"2023-10-08T08:15:48","modified_gmt":"2023-10-08T11:15:48","slug":"sobre","status":"publish","type":"page","link":"https:\/\/ce.pm.pb.gov.br\/revista\/?page_id=12","title":{"rendered":"Sobre"},"content":{"rendered":"\n<p>Revistas cient\u00edficas ou peri\u00f3dicos s\u00e3o\u00a0publica\u00e7\u00f5es editadas em fasc\u00edculos, com encadeamento num\u00e9rico e cronol\u00f3gico, aparecendo a intervalos regulares ou irregulares, por um tempo indeterminado.<\/p>\n","protected":false},"excerpt":{"rendered":"<p>Revistas cient\u00edficas ou peri\u00f3dicos s\u00e3o\u00a0publica\u00e7\u00f5es editadas em fasc\u00edculos, com encadeamento num\u00e9rico e cronol\u00f3gico, aparecendo a intervalos regulares ou irregulares, por um tempo indeterminado.<\/p>\n","protected":false},"author":1,"featured_media":0,"parent":0,"menu_order":0,"comment_status":"closed","ping_status":"closed","template":"","meta":{"_eb_attr":"","footnotes":""},"class_list":["post-12","page","type-page","status-publish","hentry"],"_links":{"self":[{"href":"https:\/\/ce.pm.pb.gov.br\/revista\/index.php?rest_route=\/wp\/v2\/pages\/12","targetHints":{"allow":["GET"]}}],"collection":[{"href":"https:\/\/ce.pm.pb.gov.br\/revista\/index.php?rest_route=\/wp\/v2\/pages"}],"about":[{"href":"https:\/\/ce.pm.pb.gov.br\/revista\/index.php?rest_route=\/wp\/v2\/types\/page"}],"author":[{"embeddable":true,"href":"https:\/\/ce.pm.pb.gov.br\/revista\/index.php?rest_route=\/wp\/v2\/users\/1"}],"replies":[{"embeddable":true,"href":"https:\/\/ce.pm.pb.gov.br\/revista\/index.php?rest_route=%2Fwp%2Fv2%2Fcomments&post=12"}],"version-history":[{"count":3,"href":"https:\/\/ce.pm.pb.gov.br\/revista\/index.php?rest_route=\/wp\/v2\/pages\/12\/revisions"}],"predecessor-version":[{"id":112,"href":"https:\/\/ce.pm.pb.gov.br\/revista\/index.php?rest_route=\/wp\/v2\/pages\/12\/revisions\/112"}],"wp:attachment":[{"href":"https:\/\/ce.pm.pb.gov.br\/revista\/index.php?rest_route=%2Fwp%2Fv2%2Fmedia&parent=12"}],"curies":[{"name":"wp","href":"https:\/\/api.w.org\/{rel}","templated":true}]}}