{"id":114,"date":"2023-10-08T08:48:07","date_gmt":"2023-10-08T11:48:07","guid":{"rendered":"https:\/\/ce.pm.pb.gov.br\/revista\/?page_id=114"},"modified":"2023-10-11T22:41:27","modified_gmt":"2023-10-12T01:41:27","slug":"cadastro-de-pareceristas","status":"publish","type":"page","link":"https:\/\/ce.pm.pb.gov.br\/revista\/?page_id=114","title":{"rendered":"CADASTRO DE PARECERISTAS"},"content":{"rendered":"\t\t<div data-elementor-type=\"wp-page\" data-elementor-id=\"114\" class=\"elementor elementor-114\">\n\t\t\t\t<div class=\"elementor-element elementor-element-4ca642c e-con-full e-flex e-con e-parent\" data-id=\"4ca642c\" data-element_type=\"container\">\n\t\t<div class=\"elementor-element elementor-element-f36f3e9 e-con-full e-flex e-con e-child\" data-id=\"f36f3e9\" data-element_type=\"container\">\n\t\t\t\t<div class=\"elementor-element elementor-element-7ed1b66 elementor-widget elementor-widget-heading\" data-id=\"7ed1b66\" data-element_type=\"widget\" data-widget_type=\"heading.default\">\n\t\t\t\t<div class=\"elementor-widget-container\">\n\t\t\t<style>\/*! elementor - v3.21.0 - 25-04-2024 *\/\n.elementor-heading-title{padding:0;margin:0;line-height:1}.elementor-widget-heading .elementor-heading-title[class*=elementor-size-]>a{color:inherit;font-size:inherit;line-height:inherit}.elementor-widget-heading .elementor-heading-title.elementor-size-small{font-size:15px}.elementor-widget-heading .elementor-heading-title.elementor-size-medium{font-size:19px}.elementor-widget-heading .elementor-heading-title.elementor-size-large{font-size:29px}.elementor-widget-heading .elementor-heading-title.elementor-size-xl{font-size:39px}.elementor-widget-heading .elementor-heading-title.elementor-size-xxl{font-size:59px}<\/style><h2 class=\"elementor-heading-title elementor-size-default\">Bem Vindos<br>Pareceristas<\/h2>\t\t<\/div>\n\t\t\t\t<\/div>\n\t\t\t\t<div class=\"elementor-element elementor-element-3ace05a elementor-widget elementor-widget-text-editor\" data-id=\"3ace05a\" data-element_type=\"widget\" data-widget_type=\"text-editor.default\">\n\t\t\t\t<div class=\"elementor-widget-container\">\n\t\t\t<style>\/*! elementor - v3.21.0 - 25-04-2024 *\/\n.elementor-widget-text-editor.elementor-drop-cap-view-stacked .elementor-drop-cap{background-color:#69727d;color:#fff}.elementor-widget-text-editor.elementor-drop-cap-view-framed .elementor-drop-cap{color:#69727d;border:3px solid;background-color:transparent}.elementor-widget-text-editor:not(.elementor-drop-cap-view-default) .elementor-drop-cap{margin-top:8px}.elementor-widget-text-editor:not(.elementor-drop-cap-view-default) .elementor-drop-cap-letter{width:1em;height:1em}.elementor-widget-text-editor .elementor-drop-cap{float:left;text-align:center;line-height:1;font-size:50px}.elementor-widget-text-editor .elementor-drop-cap-letter{display:inline-block}<\/style>\t\t\t\t<p>Preencha&nbsp; seus&nbsp; dados&nbsp; para&nbsp; &nbsp;realizar&nbsp; &nbsp;o&nbsp; &nbsp;cadastro&nbsp; no nosso&nbsp; site&nbsp; ou&nbsp; acess\u00e1-lo.&nbsp; Iremos&nbsp; fazer&nbsp; de&nbsp; tudo&nbsp; para atender \u00e0s suas expectativas! Qualquer&nbsp; d\u00favidas,&nbsp; entre em contato conosco.<\/p>\t\t\t\t\t\t<\/div>\n\t\t\t\t<\/div>\n\t\t\t\t<\/div>\n\t\t<div class=\"elementor-element elementor-element-02c1e82 e-con-full e-flex e-con e-child\" data-id=\"02c1e82\" data-element_type=\"container\">\n\t\t\t\t<\/div>\n\t\t\t\t<\/div>\n\t\t<div class=\"elementor-element elementor-element-bdd58fd e-flex e-con-boxed e-con e-parent\" data-id=\"bdd58fd\" data-element_type=\"container\">\n\t\t\t\t\t<div class=\"e-con-inner\">\n\t\t\t\t\t<\/div>\n\t\t\t\t<\/div>\n\t\t\t\t<\/div>\n\t\t","protected":false},"excerpt":{"rendered":"<p>Bem Vindos Pareceristas Preencha&nbsp; seus&nbsp; dados&nbsp; para&nbsp; &nbsp;realizar&nbsp; &nbsp;o&nbsp; &nbsp;cadastro&nbsp; no nosso&nbsp; site&nbsp; ou&nbsp; acess\u00e1-lo.&nbsp; Iremos&nbsp; fazer&nbsp; de&nbsp; tudo&nbsp; para atender \u00e0s suas expectativas! Qualquer&nbsp; d\u00favidas,&nbsp; entre em contato conosco.<\/p>\n","protected":false},"author":1,"featured_media":0,"parent":0,"menu_order":0,"comment_status":"closed","ping_status":"closed","template":"","meta":{"_eb_attr":"","footnotes":""},"class_list":["post-114","page","type-page","status-publish","hentry"],"_links":{"self":[{"href":"https:\/\/ce.pm.pb.gov.br\/revista\/index.php?rest_route=\/wp\/v2\/pages\/114","targetHints":{"allow":["GET"]}}],"collection":[{"href":"https:\/\/ce.pm.pb.gov.br\/revista\/index.php?rest_route=\/wp\/v2\/pages"}],"about":[{"href":"https:\/\/ce.pm.pb.gov.br\/revista\/index.php?rest_route=\/wp\/v2\/types\/page"}],"author":[{"embeddable":true,"href":"https:\/\/ce.pm.pb.gov.br\/revista\/index.php?rest_route=\/wp\/v2\/users\/1"}],"replies":[{"embeddable":true,"href":"https:\/\/ce.pm.pb.gov.br\/revista\/index.php?rest_route=%2Fwp%2Fv2%2Fcomments&post=114"}],"version-history":[{"count":14,"href":"https:\/\/ce.pm.pb.gov.br\/revista\/index.php?rest_route=\/wp\/v2\/pages\/114\/revisions"}],"predecessor-version":[{"id":165,"href":"https:\/\/ce.pm.pb.gov.br\/revista\/index.php?rest_route=\/wp\/v2\/pages\/114\/revisions\/165"}],"wp:attachment":[{"href":"https:\/\/ce.pm.pb.gov.br\/revista\/index.php?rest_route=%2Fwp%2Fv2%2Fmedia&parent=114"}],"curies":[{"name":"wp","href":"https:\/\/api.w.org\/{rel}","templated":true}]}}